{"id":27,"date":"2013-02-21T01:04:41","date_gmt":"2013-02-21T01:04:41","guid":{"rendered":"http:\/\/pcinconflict.com\/mariachi%20us\/?page_id=27"},"modified":"2013-02-21T05:09:25","modified_gmt":"2013-02-21T05:09:25","slug":"repertoire","status":"publish","type":"page","link":"https:\/\/mariachius.com\/?page_id=27","title":{"rendered":"Repertoire"},"content":{"rendered":"<div>\n<div>\n<div>\n<div>\n<div>\n<div>\n<div>\n<div>\n<div>\n<div>\n<h2><span style=\"color: #ffff00;\"><strong>Contamos con un extenso repertorio ideal para cada ocasi\u00f3n.<\/strong><\/span><\/h2>\n<h2><strong>A continuaci\u00f3n le hacemos menci\u00f3n algunas canciones<\/strong><\/h2>\n<h2><strong>que est\u00e1n dentro de nuestro amplio repertorio:<\/strong><\/h2>\n<div><\/div>\n<table border=\"0\" cellspacing=\"0\" cellpadding=\"0\">\n<colgroup>\n<col span=\"2\" width=\"284\" \/><\/colgroup>\n<tbody>\n<tr>\n<td width=\"284\" height=\"15\">\n<ul>\n<li>\n<h3>A MI MANERA<\/h3>\n<\/li>\n<\/ul>\n<\/td>\n<td width=\"284\">\n<ul>\n<li>\n<h3>LA BAMBA<\/h3>\n<\/li>\n<\/ul>\n<\/td>\n<\/tr>\n<tr>\n<td height=\"15\">\n<ul>\n<li>\n<h3>A PESAR DE TODO<\/h3>\n<\/li>\n<\/ul>\n<\/td>\n<td>\n<ul>\n<li>\n<h3>LA BARCA<\/h3>\n<\/li>\n<\/ul>\n<\/td>\n<\/tr>\n<tr>\n<td height=\"15\">\n<ul>\n<li>\n<h3>ACA ENTRE NOS<\/h3>\n<\/li>\n<\/ul>\n<\/td>\n<td>\n<ul>\n<li>\n<h3>LA BIKINA<\/h3>\n<\/li>\n<\/ul>\n<\/td>\n<\/tr>\n<tr>\n<td height=\"15\">\n<ul>\n<li>\n<h3>AIRES DEL MAYAB<\/h3>\n<\/li>\n<\/ul>\n<\/td>\n<td>\n<ul>\n<li>\n<h3>LA CHANCLA<\/h3>\n<\/li>\n<\/ul>\n<\/td>\n<\/tr>\n<tr>\n<td height=\"15\">\n<ul>\n<li>\n<h3>ALEJANDRA<\/h3>\n<\/li>\n<\/ul>\n<\/td>\n<td>\n<ul>\n<li>\n<h3>LA CULEBRA (SON JALISCIENSE)<\/h3>\n<\/li>\n<\/ul>\n<\/td>\n<\/tr>\n<tr>\n<td height=\"15\">\n<ul>\n<li>\n<h3>ALBUR DE AMOR<\/h3>\n<\/li>\n<\/ul>\n<\/td>\n<td>\n<ul>\n<li>\n<h3>LA DIFERENCIA<\/h3>\n<\/li>\n<\/ul>\n<\/td>\n<\/tr>\n<tr>\n<td height=\"15\">\n<ul>\n<li>\n<h3>ALLA EN EL RANCHO GRANDE<\/h3>\n<\/li>\n<\/ul>\n<\/td>\n<td>\n<ul>\n<li>\n<h3>LA DEL MO\u00d1O COLORADO<\/h3>\n<\/li>\n<\/ul>\n<\/td>\n<\/tr>\n<tr>\n<td height=\"15\">\n<ul>\n<li>\n<h3>ALMA DE ACERO<\/h3>\n<\/li>\n<\/ul>\n<\/td>\n<td>\n<ul>\n<li>\n<h3>LA ESTRELLA<\/h3>\n<\/li>\n<\/ul>\n<\/td>\n<\/tr>\n<tr>\n<td height=\"15\">\n<ul>\n<li>\n<h3>AMANECI EN TUS BRAZOS<\/h3>\n<\/li>\n<\/ul>\n<\/td>\n<td>\n<ul>\n<li>\n<h3>LA FERIA DE LAS FLORES<\/h3>\n<\/li>\n<\/ul>\n<\/td>\n<\/tr>\n<tr>\n<td height=\"15\">\n<ul>\n<li>\n<h3>AMEMONOS<\/h3>\n<\/li>\n<\/ul>\n<\/td>\n<td>\n<ul>\n<li>\n<h3>LA GLORIA ERES TU<\/h3>\n<\/li>\n<\/ul>\n<\/td>\n<\/tr>\n<tr>\n<td height=\"15\">\n<ul>\n<li>\n<h3>AMOR ETERNO<\/h3>\n<\/li>\n<\/ul>\n<\/td>\n<td>\n<ul>\n<li>\n<h3>LA LEY DEL MONTE<\/h3>\n<\/li>\n<\/ul>\n<\/td>\n<\/tr>\n<tr>\n<td height=\"15\">\n<ul>\n<li>\n<h3>AMOR MIO<\/h3>\n<\/li>\n<\/ul>\n<\/td>\n<td>\n<ul>\n<li>\n<h3>LA MADRUGADA<\/h3>\n<\/li>\n<\/ul>\n<\/td>\n<\/tr>\n<tr>\n<td height=\"15\">\n<ul>\n<li>\n<h3>AMORCITO CORAZON<\/h3>\n<\/li>\n<\/ul>\n<\/td>\n<td>\n<ul>\n<li>\n<h3>LA MALAGUE\u00d1A<\/h3>\n<\/li>\n<\/ul>\n<\/td>\n<\/tr>\n<tr>\n<td height=\"15\">\n<ul>\n<li>\n<h3>ANILLO DE COMPROMISO<\/h3>\n<\/li>\n<\/ul>\n<\/td>\n<td>\n<ul>\n<li>\n<h3>LA MANO DE DIOS<\/h3>\n<\/li>\n<\/ul>\n<\/td>\n<\/tr>\n<tr>\n<td height=\"15\">\n<ul>\n<li>\n<h3>ANIMAS QUE NO AMANEZCA<\/h3>\n<\/li>\n<\/ul>\n<\/td>\n<td>\n<ul>\n<li>\n<h3>LA MARCHA DE ZACATECAS<\/h3>\n<\/li>\n<\/ul>\n<\/td>\n<\/tr>\n<tr>\n<td height=\"15\">\n<ul>\n<li>\n<h3>AQUELLOS OJOS VERDES<\/h3>\n<\/li>\n<\/ul>\n<\/td>\n<td>\n<ul>\n<li>\n<h3>LA MEDIA VUELTA<\/h3>\n<\/li>\n<\/ul>\n<\/td>\n<\/tr>\n<tr>\n<td height=\"15\">\n<ul>\n<li>\n<h3>ARRULLO DE DIOS<\/h3>\n<\/li>\n<\/ul>\n<\/td>\n<td>\n<ul>\n<li>\n<h3>LA MENTIRA (SE TE OLVIDA)<\/h3>\n<\/li>\n<\/ul>\n<\/td>\n<\/tr>\n<tr>\n<td height=\"15\">\n<ul>\n<li>\n<h3>ASI<\/h3>\n<\/li>\n<\/ul>\n<\/td>\n<td>\n<ul>\n<li>\n<h3>LA MISMA<\/h3>\n<\/li>\n<\/ul>\n<\/td>\n<\/tr>\n<tr>\n<td height=\"15\">\n<ul>\n<li>\n<h3>AY JALISCO NO TE RAJES<\/h3>\n<\/li>\n<\/ul>\n<\/td>\n<td>\n<ul>\n<li>\n<h3>LA MUERTE DE UN GALLERO<\/h3>\n<\/li>\n<\/ul>\n<\/td>\n<\/tr>\n<tr>\n<td height=\"15\">\n<ul>\n<li>\n<h3>BAJO EL CIELO DE CHIHUAHUA<\/h3>\n<\/li>\n<\/ul>\n<\/td>\n<td>\n<ul>\n<li>\n<h3>LA NEGRA NOCHE<\/h3>\n<\/li>\n<\/ul>\n<\/td>\n<\/tr>\n<tr>\n<td height=\"15\">\n<ul>\n<li>\n<h3>BESAME MUCHO<\/h3>\n<\/li>\n<\/ul>\n<\/td>\n<td>\n<ul>\n<li>\n<h3>LA NEGRA TOMASA<\/h3>\n<\/li>\n<\/ul>\n<\/td>\n<\/tr>\n<tr>\n<td height=\"15\">\n<ul>\n<li>\n<h3>BOHEMIO DE AFICION<\/h3>\n<\/li>\n<\/ul>\n<\/td>\n<td>\n<ul>\n<li>\n<h3>LA PUERTA NEGRA<\/h3>\n<\/li>\n<\/ul>\n<\/td>\n<\/tr>\n<tr>\n<td height=\"15\">\n<ul>\n<li>\n<h3>BONITA<\/h3>\n<\/li>\n<\/ul>\n<\/td>\n<td>\n<ul>\n<li>\n<h3>LA QUE SEA<\/h3>\n<\/li>\n<\/ul>\n<\/td>\n<\/tr>\n<tr>\n<td height=\"15\">\n<ul>\n<li>\n<h3>CABALLO PRIETO AZABACHE<\/h3>\n<\/li>\n<\/ul>\n<\/td>\n<td>\n<ul>\n<li>\n<h3>LA RONDALLA<\/h3>\n<\/li>\n<\/ul>\n<\/td>\n<\/tr>\n<tr>\n<td height=\"15\">\n<ul>\n<li>\n<h3>CAMARON PELAO<\/h3>\n<\/li>\n<\/ul>\n<\/td>\n<td>\n<ul>\n<li>\n<h3>LA VERDOLAGA<\/h3>\n<\/li>\n<\/ul>\n<\/td>\n<\/tr>\n<tr>\n<td height=\"15\">\n<ul>\n<li>\n<h3>CAMINO REAL DE COLIMA<\/h3>\n<\/li>\n<\/ul>\n<\/td>\n<td>\n<ul>\n<li>\n<h3>LAMPARA SIN LUZ<\/h3>\n<\/li>\n<\/ul>\n<\/td>\n<\/tr>\n<tr>\n<td height=\"15\">\n<ul>\n<li>\n<h3>CAMINO DE GUANAJUATO<\/h3>\n<\/li>\n<\/ul>\n<\/td>\n<td>\n<ul>\n<li>\n<h3>LAS ALTE\u00d1ITAS<\/h3>\n<\/li>\n<\/ul>\n<\/td>\n<\/tr>\n<tr>\n<td height=\"15\">\n<ul>\n<li>\n<h3>CAMINOS DE MICHOACAN<\/h3>\n<\/li>\n<\/ul>\n<\/td>\n<td>\n<ul>\n<li>\n<h3>LAS BICICLETAS<\/h3>\n<\/li>\n<\/ul>\n<\/td>\n<\/tr>\n<tr>\n<td height=\"15\">\n<ul>\n<li>\n<h3>CANCION MIXTECA<\/h3>\n<\/li>\n<\/ul>\n<\/td>\n<td>\n<ul>\n<li>\n<h3>LAS BODAS DE LUIS ALONSO<\/h3>\n<\/li>\n<\/ul>\n<\/td>\n<\/tr>\n<tr>\n<td height=\"15\">\n<ul>\n<li>\n<h3>CANTINERO<\/h3>\n<\/li>\n<\/ul>\n<\/td>\n<td>\n<ul>\n<li>\n<h3>LAS BOTAS DE CHARRO<\/h3>\n<\/li>\n<\/ul>\n<\/td>\n<\/tr>\n<tr>\n<td height=\"15\">\n<ul>\n<li>\n<h3>CARI\u00d1O NUEVO<\/h3>\n<\/li>\n<\/ul>\n<\/td>\n<td>\n<ul>\n<li>\n<h3>LAS CIUDADES<\/h3>\n<\/li>\n<\/ul>\n<\/td>\n<\/tr>\n<tr>\n<td height=\"15\">\n<ul>\n<li>\n<h3>CARI\u00d1O VERDAD<\/h3>\n<\/li>\n<\/ul>\n<\/td>\n<td>\n<ul>\n<li>\n<h3>LAS CORONELAS<\/h3>\n<\/li>\n<\/ul>\n<\/td>\n<\/tr>\n<tr>\n<td height=\"15\">\n<ul>\n<li>\n<h3>CARTAS MARCADAS<\/h3>\n<\/li>\n<\/ul>\n<\/td>\n<td>\n<ul>\n<li>\n<h3>LAS GOLONDRINAS<\/h3>\n<\/li>\n<\/ul>\n<\/td>\n<\/tr>\n<tr>\n<td height=\"15\">\n<ul>\n<li>\n<h3>CHEQUE EN BLANCO<\/h3>\n<\/li>\n<\/ul>\n<\/td>\n<td>\n<ul>\n<li>\n<h3>LAS ISABELES<\/h3>\n<\/li>\n<\/ul>\n<\/td>\n<\/tr>\n<tr>\n<td height=\"15\">\n<ul>\n<li>\n<h3>CIELITO LINDO<\/h3>\n<\/li>\n<\/ul>\n<\/td>\n<td>\n<ul>\n<li>\n<h3>LAS LLAVES DE MI ALMA<\/h3>\n<\/li>\n<\/ul>\n<\/td>\n<\/tr>\n<tr>\n<td height=\"15\">\n<ul>\n<li>\n<h3>CIELO ROJO<\/h3>\n<\/li>\n<\/ul>\n<\/td>\n<td>\n<ul>\n<li>\n<h3>LAS MA\u00d1ANITAS<\/h3>\n<\/li>\n<\/ul>\n<\/td>\n<\/tr>\n<tr>\n<td height=\"15\">\n<ul>\n<li>\n<h3>CIEN A\u00d1OS<\/h3>\n<\/li>\n<\/ul>\n<\/td>\n<td>\n<ul>\n<li>\n<h3>LAS PERLITAS<\/h3>\n<\/li>\n<\/ul>\n<\/td>\n<\/tr>\n<tr>\n<td height=\"15\">\n<ul>\n<li>\n<h3>COCULA<\/h3>\n<\/li>\n<\/ul>\n<\/td>\n<td>\n<ul>\n<li>\n<h3>LAS REJAS NO MATAN<\/h3>\n<\/li>\n<\/ul>\n<\/td>\n<\/tr>\n<tr>\n<td height=\"15\">\n<ul>\n<li>\n<h3>COLLAR DE PERLAS<\/h3>\n<\/li>\n<\/ul>\n<\/td>\n<td>\n<ul>\n<li>\n<h3>LASTIMA QUE SEAS AJENA<\/h3>\n<\/li>\n<\/ul>\n<\/td>\n<\/tr>\n<tr>\n<td height=\"15\">\n<ul>\n<li>\n<h3>COMO FUE<\/h3>\n<\/li>\n<\/ul>\n<\/td>\n<td>\n<ul>\n<li>\n<h3>LE\u00d1A DE PIRUL<\/h3>\n<\/li>\n<\/ul>\n<\/td>\n<\/tr>\n<tr>\n<td height=\"15\">\n<ul>\n<li>\n<h3>COMO HAN PASADO LOS A\u00d1OS<\/h3>\n<\/li>\n<\/ul>\n<\/td>\n<td>\n<ul>\n<li>\n<h3>LIBRO ABIERTO<\/h3>\n<\/li>\n<\/ul>\n<\/td>\n<\/tr>\n<tr>\n<td height=\"15\">\n<ul>\n<li>\n<h3>COMO QUIEN PIERDE UNA ESTRELLA<\/h3>\n<\/li>\n<\/ul>\n<\/td>\n<td>\n<ul>\n<li>\n<h3>LLAMARADA<\/h3>\n<\/li>\n<\/ul>\n<\/td>\n<\/tr>\n<tr>\n<td height=\"15\">\n<ul>\n<li>\n<h3>CONSENTIDA<\/h3>\n<\/li>\n<\/ul>\n<\/td>\n<td>\n<ul>\n<li>\n<h3>LOS LAURELES<\/h3>\n<\/li>\n<\/ul>\n<\/td>\n<\/tr>\n<tr>\n<td height=\"15\">\n<ul>\n<li>\n<h3>CONTIGO APRENDI<\/h3>\n<\/li>\n<\/ul>\n<\/td>\n<td>\n<ul>\n<li>\n<h3>LUNA DE OCTUBRE<\/h3>\n<\/li>\n<\/ul>\n<\/td>\n<\/tr>\n<tr>\n<td height=\"15\">\n<ul>\n<li>\n<h3>CONTRABANDO Y TRAICION<\/h3>\n<\/li>\n<\/ul>\n<\/td>\n<td>\n<ul>\n<li>\n<h3>LUZ DE LUNA<\/h3>\n<\/li>\n<\/ul>\n<\/td>\n<\/tr>\n<tr>\n<td height=\"15\">\n<ul>\n<li>\n<h3>CORAZON, CORAZON<\/h3>\n<\/li>\n<\/ul>\n<\/td>\n<td>\n<ul>\n<li>\n<h3>MALAGUENA<\/h3>\n<\/li>\n<\/ul>\n<\/td>\n<\/tr>\n<tr>\n<td height=\"15\">\n<ul>\n<li>\n<h3>COSTUMBRES<\/h3>\n<\/li>\n<\/ul>\n<\/td>\n<td>\n<ul>\n<li>\n<h3>MARTHA<\/h3>\n<\/li>\n<\/ul>\n<\/td>\n<\/tr>\n<tr>\n<td height=\"15\">\n<ul>\n<li>\n<h3>CREI<\/h3>\n<\/li>\n<\/ul>\n<\/td>\n<td>\n<ul>\n<li>\n<h3>MATALAS<\/h3>\n<\/li>\n<\/ul>\n<\/td>\n<\/tr>\n<tr>\n<td height=\"15\">\n<ul>\n<li>\n<h3>CRUZ DE OLVIDO<\/h3>\n<\/li>\n<\/ul>\n<\/td>\n<td>\n<ul>\n<li>\n<h3>MEXICO EN POLKA<\/h3>\n<\/li>\n<\/ul>\n<\/td>\n<\/tr>\n<tr>\n<td height=\"15\">\n<ul>\n<li>\n<h3>CU CU CU RU CU PALOMA<\/h3>\n<\/li>\n<\/ul>\n<\/td>\n<td>\n<ul>\n<li>\n<h3>MEXICO LINDO Y QUERIDO<\/h3>\n<\/li>\n<\/ul>\n<\/td>\n<\/tr>\n<tr>\n<td height=\"15\">\n<ul>\n<li>\n<h3>CUANDO DOS ALMAS<\/h3>\n<\/li>\n<\/ul>\n<\/td>\n<td>\n<ul>\n<li>\n<h3>MI CARI\u00d1ITO<\/h3>\n<\/li>\n<\/ul>\n<\/td>\n<\/tr>\n<tr>\n<td height=\"15\">\n<ul>\n<li>\n<h3>CUANDO EL DESTINO<\/h3>\n<\/li>\n<\/ul>\n<\/td>\n<td>\n<ul>\n<li>\n<h3>MI CIUDAD<\/h3>\n<\/li>\n<\/ul>\n<\/td>\n<\/tr>\n<tr>\n<td height=\"15\">\n<ul>\n<li>\n<h3>CUANDO VIVAS CONMIGO<\/h3>\n<\/li>\n<\/ul>\n<\/td>\n<td>\n<ul>\n<li>\n<h3>MI GUSTO ES<\/h3>\n<\/li>\n<\/ul>\n<\/td>\n<\/tr>\n<tr>\n<td height=\"15\">\n<ul>\n<li>\n<h3>CUANDO YO TENIA TU EDAD<\/h3>\n<\/li>\n<\/ul>\n<\/td>\n<td>\n<ul>\n<li>\n<h3>MI LINDA ESPOSA<\/h3>\n<\/li>\n<\/ul>\n<\/td>\n<\/tr>\n<tr>\n<td height=\"15\">\n<ul>\n<li>\n<h3>CUATRO CAMINOS<\/h3>\n<\/li>\n<\/ul>\n<\/td>\n<td>\n<ul>\n<li>\n<h3>MI RANCHITO<\/h3>\n<\/li>\n<\/ul>\n<\/td>\n<\/tr>\n<tr>\n<td height=\"15\">\n<ul>\n<li>\n<h3>CUATRO VELAS<\/h3>\n<\/li>\n<\/ul>\n<\/td>\n<td>\n<ul>\n<li>\n<h3>MI VIEJO<\/h3>\n<\/li>\n<\/ul>\n<\/td>\n<\/tr>\n<tr>\n<td height=\"15\">\n<ul>\n<li>\n<h3>CUATRO VIDAS<\/h3>\n<\/li>\n<\/ul>\n<\/td>\n<td>\n<ul>\n<li>\n<h3>MIA<\/h3>\n<\/li>\n<\/ul>\n<\/td>\n<\/tr>\n<tr>\n<td height=\"15\">\n<ul>\n<li>\n<h3>CUANDO YO QUERIA SER GRANDE<\/h3>\n<\/li>\n<\/ul>\n<\/td>\n<td>\n<ul>\n<li>\n<h3>MIL VIOLINES<\/h3>\n<\/li>\n<\/ul>\n<\/td>\n<\/tr>\n<tr>\n<td height=\"15\">\n<ul>\n<li>\n<h3>DE QUE MANERA TE OLVIDO<\/h3>\n<\/li>\n<\/ul>\n<\/td>\n<td>\n<ul>\n<li>\n<h3>MITAD TU, MITAD YO<\/h3>\n<\/li>\n<\/ul>\n<\/td>\n<\/tr>\n<tr>\n<td height=\"15\">\n<ul>\n<li>\n<h3>DE TORREON A LERDO<\/h3>\n<\/li>\n<\/ul>\n<\/td>\n<td>\n<ul>\n<li>\n<h3>MOLIENDO CAFE<\/h3>\n<\/li>\n<\/ul>\n<\/td>\n<\/tr>\n<tr>\n<td height=\"15\">\n<ul>\n<li>\n<h3>DEJA QUE SALGA LA LUNA<\/h3>\n<\/li>\n<\/ul>\n<\/td>\n<td>\n<ul>\n<li>\n<h3>MORENITA MIA<\/h3>\n<\/li>\n<\/ul>\n<\/td>\n<\/tr>\n<tr>\n<td height=\"15\">\n<ul>\n<li>\n<h3>DEJAME LLORAR<\/h3>\n<\/li>\n<\/ul>\n<\/td>\n<td>\n<ul>\n<li>\n<h3>MUCHO CORAZON<\/h3>\n<\/li>\n<\/ul>\n<\/td>\n<\/tr>\n<tr>\n<td height=\"15\">\n<ul>\n<li>\n<h3>DESDEN<\/h3>\n<\/li>\n<\/ul>\n<\/td>\n<td>\n<ul>\n<li>\n<h3>MUJER<\/h3>\n<\/li>\n<\/ul>\n<\/td>\n<\/tr>\n<tr>\n<td height=\"15\">\n<ul>\n<li>\n<h3>DESPIERTA<\/h3>\n<\/li>\n<\/ul>\n<\/td>\n<td>\n<ul>\n<li>\n<h3>MUJERES DIVINAS<\/h3>\n<\/li>\n<\/ul>\n<\/td>\n<\/tr>\n<tr>\n<td height=\"15\">\n<ul>\n<li>\n<h3>DIOS NUNCA MUERE<\/h3>\n<\/li>\n<\/ul>\n<\/td>\n<td>\n<ul>\n<li>\n<h3>NEGRA CONSENTIDA<\/h3>\n<\/li>\n<\/ul>\n<\/td>\n<\/tr>\n<tr>\n<td height=\"15\">\n<ul>\n<li>\n<h3>DOLOR<\/h3>\n<\/li>\n<\/ul>\n<\/td>\n<td>\n<ul>\n<li>\n<h3>NEREIDAS<\/h3>\n<\/li>\n<\/ul>\n<\/td>\n<\/tr>\n<tr>\n<td height=\"15\">\n<ul>\n<li>\n<h3>DOS ARBOLITOS<\/h3>\n<\/li>\n<\/ul>\n<\/td>\n<td>\n<ul>\n<li>\n<h3>NO SOY MONEDITA DE ORO<\/h3>\n<\/li>\n<\/ul>\n<\/td>\n<\/tr>\n<tr>\n<td height=\"15\">\n<ul>\n<li>\n<h3>ECHAME A MI LA CULPA<\/h3>\n<\/li>\n<\/ul>\n<\/td>\n<td>\n<ul>\n<li>\n<h3>NO VOLVERE<\/h3>\n<\/li>\n<\/ul>\n<\/td>\n<\/tr>\n<tr>\n<td height=\"15\">\n<ul>\n<li>\n<h3>EL ANDARIEGO<\/h3>\n<\/li>\n<\/ul>\n<\/td>\n<td>\n<ul>\n<li>\n<h3>NOBLEZA<\/h3>\n<\/li>\n<\/ul>\n<\/td>\n<\/tr>\n<tr>\n<td height=\"15\">\n<ul>\n<li>\n<h3>EL AUSENTE<\/h3>\n<\/li>\n<\/ul>\n<\/td>\n<td>\n<ul>\n<li>\n<h3>NOS ESTORBO LA ROPA<\/h3>\n<\/li>\n<\/ul>\n<\/td>\n<\/tr>\n<tr>\n<td height=\"15\">\n<ul>\n<li>\n<h3>EL AUTLENSE<\/h3>\n<\/li>\n<\/ul>\n<\/td>\n<td>\n<ul>\n<li>\n<h3>NOSOTROS<\/h3>\n<\/li>\n<\/ul>\n<\/td>\n<\/tr>\n<tr>\n<td height=\"15\">\n<ul>\n<li>\n<h3>EL AVENTURERO<\/h3>\n<\/li>\n<\/ul>\n<\/td>\n<td>\n<ul>\n<li>\n<h3>NOVIA MIA<\/h3>\n<\/li>\n<\/ul>\n<\/td>\n<\/tr>\n<tr>\n<td height=\"15\">\n<ul>\n<li>\n<h3>EL BARRILITO<\/h3>\n<\/li>\n<\/ul>\n<\/td>\n<td>\n<ul>\n<li>\n<h3>NOVILLERO<\/h3>\n<\/li>\n<\/ul>\n<\/td>\n<\/tr>\n<tr>\n<td height=\"15\">\n<ul>\n<li>\n<h3>EL CANTADOR<\/h3>\n<\/li>\n<\/ul>\n<\/td>\n<td>\n<ul>\n<li>\n<h3>NUBE VIAJERA<\/h3>\n<\/li>\n<\/ul>\n<\/td>\n<\/tr>\n<tr>\n<td height=\"15\">\n<ul>\n<li>\n<h3>EL CABALLO BLANCO<\/h3>\n<\/li>\n<\/ul>\n<\/td>\n<td>\n<ul>\n<li>\n<h3>NUESTRO JURAMENTO<\/h3>\n<\/li>\n<\/ul>\n<\/td>\n<\/tr>\n<tr>\n<td height=\"15\">\n<ul>\n<li>\n<h3>EL CAPULINERO<\/h3>\n<\/li>\n<\/ul>\n<\/td>\n<td>\n<ul>\n<li>\n<h3>OJITOS TRAIDORES<\/h3>\n<\/li>\n<\/ul>\n<\/td>\n<\/tr>\n<tr>\n<td height=\"15\">\n<ul>\n<li>\n<h3>EL CARRETERO<\/h3>\n<\/li>\n<\/ul>\n<\/td>\n<td>\n<ul>\n<li>\n<h3>OJOS CAFES<\/h3>\n<\/li>\n<\/ul>\n<\/td>\n<\/tr>\n<tr>\n<td height=\"15\">\n<ul>\n<li>\n<h3>EL CHUBASCO<\/h3>\n<\/li>\n<\/ul>\n<\/td>\n<td>\n<ul>\n<li>\n<h3>OJOS ESPA\u00d1OLES<\/h3>\n<\/li>\n<\/ul>\n<\/td>\n<\/tr>\n<tr>\n<td height=\"15\">\n<ul>\n<li>\n<h3>EL CORRIDO DE CHIHUAHUA<\/h3>\n<\/li>\n<\/ul>\n<\/td>\n<td>\n<ul>\n<li>\n<h3>OJOS TAPATIOS<\/h3>\n<\/li>\n<\/ul>\n<\/td>\n<\/tr>\n<tr>\n<td height=\"15\">\n<ul>\n<li>\n<h3>EL CORRIDO DE MONTERREY<\/h3>\n<\/li>\n<\/ul>\n<\/td>\n<td>\n<ul>\n<li>\n<h3>PA&#8217; TODO EL A\u00d1O<\/h3>\n<\/li>\n<\/ul>\n<\/td>\n<\/tr>\n<tr>\n<td height=\"15\">\n<ul>\n<li>\n<h3>EL CUATRO<\/h3>\n<\/li>\n<\/ul>\n<\/td>\n<td>\n<ul>\n<li>\n<h3>PALOMA NEGRA<\/h3>\n<\/li>\n<\/ul>\n<\/td>\n<\/tr>\n<tr>\n<td height=\"15\">\n<ul>\n<li>\n<h3>EL DOS NEGRO<\/h3>\n<\/li>\n<\/ul>\n<\/td>\n<td>\n<ul>\n<li>\n<h3>PALOMA QUERIDA<\/h3>\n<\/li>\n<\/ul>\n<\/td>\n<\/tr>\n<tr>\n<td height=\"15\">\n<ul>\n<li>\n<h3>EL GARABATO<\/h3>\n<\/li>\n<\/ul>\n<\/td>\n<td>\n<ul>\n<li>\n<h3>PARECE QUE FUE AYER<\/h3>\n<\/li>\n<\/ul>\n<\/td>\n<\/tr>\n<tr>\n<td height=\"15\">\n<ul>\n<li>\n<h3>EL GAVILANCILLO<\/h3>\n<\/li>\n<\/ul>\n<\/td>\n<td>\n<ul>\n<li>\n<h3>PAYASO<\/h3>\n<\/li>\n<\/ul>\n<\/td>\n<\/tr>\n<tr>\n<td height=\"15\">\n<ul>\n<li>\n<h3>EL GUSTO<\/h3>\n<\/li>\n<\/ul>\n<\/td>\n<td>\n<ul>\n<li>\n<h3>PELEA DE GALLOS<\/h3>\n<\/li>\n<\/ul>\n<\/td>\n<\/tr>\n<tr>\n<td height=\"15\">\n<ul>\n<li>\n<h3>EL HERRADERO<\/h3>\n<\/li>\n<\/ul>\n<\/td>\n<td>\n<ul>\n<li>\n<h3>PEREGRINA<\/h3>\n<\/li>\n<\/ul>\n<\/td>\n<\/tr>\n<tr>\n<td height=\"15\">\n<ul>\n<li>\n<h3>EL HIJO DEL PUEBLO<\/h3>\n<\/li>\n<\/ul>\n<\/td>\n<td>\n<ul>\n<li>\n<h3>PERFUME DE GARDENIAS<\/h3>\n<\/li>\n<\/ul>\n<\/td>\n<\/tr>\n<tr>\n<td height=\"15\">\n<ul>\n<li>\n<h3>EL HIJO DESOBEDIENTE<\/h3>\n<\/li>\n<\/ul>\n<\/td>\n<td>\n<ul>\n<li>\n<h3>POR MUJERES COMO TU<\/h3>\n<\/li>\n<\/ul>\n<\/td>\n<\/tr>\n<tr>\n<td height=\"15\">\n<ul>\n<li>\n<h3>EL JINETE<\/h3>\n<\/li>\n<\/ul>\n<\/td>\n<td>\n<ul>\n<li>\n<h3>POR TU MALDITO AMOR<\/h3>\n<\/li>\n<\/ul>\n<\/td>\n<\/tr>\n<tr>\n<td height=\"15\">\n<ul>\n<li>\n<h3>EL LOCO<\/h3>\n<\/li>\n<\/ul>\n<\/td>\n<td>\n<ul>\n<li>\n<h3>POR UN AMOR<\/h3>\n<\/li>\n<\/ul>\n<\/td>\n<\/tr>\n<tr>\n<td height=\"15\">\n<ul>\n<li>\n<h3>EL MARIACHI LOCO<\/h3>\n<\/li>\n<\/ul>\n<\/td>\n<td>\n<ul>\n<li>\n<h3>PU\u00d1ALADA TRAPERA<\/h3>\n<\/li>\n<\/ul>\n<\/td>\n<\/tr>\n<tr>\n<td height=\"15\">\n<ul>\n<li>\n<h3>EL MIL AMORES<\/h3>\n<\/li>\n<\/ul>\n<\/td>\n<td>\n<ul>\n<li>\n<h3>PURO CACHANILLA<\/h3>\n<\/li>\n<\/ul>\n<\/td>\n<\/tr>\n<tr>\n<td height=\"15\">\n<ul>\n<li>\n<h3>EL MILAGRO DE TUS OJOS<\/h3>\n<\/li>\n<\/ul>\n<\/td>\n<td>\n<ul>\n<li>\n<h3>QUE BONITO AMOR<\/h3>\n<\/li>\n<\/ul>\n<\/td>\n<\/tr>\n<tr>\n<td height=\"15\">\n<ul>\n<li>\n<h3>EL MORO DE COMPAS<\/h3>\n<\/li>\n<\/ul>\n<\/td>\n<td>\n<ul>\n<li>\n<h3>QUE CHULA ES PUEBLA<\/h3>\n<\/li>\n<\/ul>\n<\/td>\n<\/tr>\n<tr>\n<td height=\"15\">\n<ul>\n<li>\n<h3>EL MUCHACHO ALEGRE<\/h3>\n<\/li>\n<\/ul>\n<\/td>\n<td>\n<ul>\n<li>\n<h3>QUE DE RARO TIENE<\/h3>\n<\/li>\n<\/ul>\n<\/td>\n<\/tr>\n<tr>\n<td height=\"15\">\n<ul>\n<li>\n<h3>EL NI\u00d1O PERDIDO<\/h3>\n<\/li>\n<\/ul>\n<\/td>\n<td>\n<ul>\n<li>\n<h3>QUE LINDO ES MICHOACAN<\/h3>\n<\/li>\n<\/ul>\n<\/td>\n<\/tr>\n<tr>\n<td height=\"15\">\n<ul>\n<li>\n<h3>EL PALMERO<\/h3>\n<\/li>\n<\/ul>\n<\/td>\n<td>\n<ul>\n<li>\n<h3>QUE MANERA DE PERDER<\/h3>\n<\/li>\n<\/ul>\n<\/td>\n<\/tr>\n<tr>\n<td height=\"15\">\n<ul>\n<li>\n<h3>EL PASTOR<\/h3>\n<\/li>\n<\/ul>\n<\/td>\n<td>\n<ul>\n<li>\n<h3>QUE NO QUEDE HUELLA<\/h3>\n<\/li>\n<\/ul>\n<\/td>\n<\/tr>\n<tr>\n<td height=\"15\">\n<ul>\n<li>\n<h3>EL PERRO NEGRO<\/h3>\n<\/li>\n<\/ul>\n<\/td>\n<td>\n<ul>\n<li>\n<h3>QUE SEAS FELIZ<\/h3>\n<\/li>\n<\/ul>\n<\/td>\n<\/tr>\n<tr>\n<td height=\"15\">\n<ul>\n<li>\n<h3>EL PIPIRIPAU<\/h3>\n<\/li>\n<\/ul>\n<\/td>\n<td>\n<ul>\n<li>\n<h3>QUE SEPAN TODOS<\/h3>\n<\/li>\n<\/ul>\n<\/td>\n<\/tr>\n<tr>\n<td height=\"15\">\n<ul>\n<li>\n<h3>EL POTRO LOBO GATEADO<\/h3>\n<\/li>\n<\/ul>\n<\/td>\n<td>\n<ul>\n<li>\n<h3>QUE TE VAYA BONITO<\/h3>\n<\/li>\n<\/ul>\n<\/td>\n<\/tr>\n<tr>\n<td height=\"15\">\n<ul>\n<li>\n<h3>EL QUELITE<\/h3>\n<\/li>\n<\/ul>\n<\/td>\n<td>\n<ul>\n<li>\n<h3>QUIERO ABRAZARTE TANTO<\/h3>\n<\/li>\n<\/ul>\n<\/td>\n<\/tr>\n<tr>\n<td height=\"15\">\n<ul>\n<li>\n<h3>EL QUERREQUE<\/h3>\n<\/li>\n<\/ul>\n<\/td>\n<td>\n<ul>\n<li>\n<h3>REINA MIA<\/h3>\n<\/li>\n<\/ul>\n<\/td>\n<\/tr>\n<tr>\n<td height=\"15\">\n<ul>\n<li>\n<h3>EL RELOJ<\/h3>\n<\/li>\n<\/ul>\n<\/td>\n<td>\n<ul>\n<li>\n<h3>RENUNCIACION<\/h3>\n<\/li>\n<\/ul>\n<\/td>\n<\/tr>\n<tr>\n<td height=\"15\">\n<ul>\n<li>\n<h3>EL REY<\/h3>\n<\/li>\n<\/ul>\n<\/td>\n<td>\n<ul>\n<li>\n<h3>ROSITA ALVIREZ<\/h3>\n<\/li>\n<\/ul>\n<\/td>\n<\/tr>\n<tr>\n<td height=\"15\">\n<ul>\n<li>\n<h3>EL SAUCE Y LA PALMA<\/h3>\n<\/li>\n<\/ul>\n<\/td>\n<td>\n<ul>\n<li>\n<h3>SABES UNA COSA<\/h3>\n<\/li>\n<\/ul>\n<\/td>\n<\/tr>\n<tr>\n<td height=\"15\">\n<ul>\n<li>\n<h3>EL SE\u00d1OR DE LAS CANAS<\/h3>\n<\/li>\n<\/ul>\n<\/td>\n<td>\n<ul>\n<li>\n<h3>SABOR A MI<\/h3>\n<\/li>\n<\/ul>\n<\/td>\n<\/tr>\n<tr>\n<td height=\"15\">\n<ul>\n<li>\n<h3>EL SIETE LEGUAS<\/h3>\n<\/li>\n<\/ul>\n<\/td>\n<td>\n<ul>\n<li>\n<h3>SAN LUIS POTOSI<\/h3>\n<\/li>\n<\/ul>\n<\/td>\n<\/tr>\n<tr>\n<td height=\"15\">\n<ul>\n<li>\n<h3>EL SIETE MARES<\/h3>\n<\/li>\n<\/ul>\n<\/td>\n<td>\n<ul>\n<li>\n<h3>SERENATA HUASTECA<\/h3>\n<\/li>\n<\/ul>\n<\/td>\n<\/tr>\n<tr>\n<td height=\"15\">\n<ul>\n<li>\n<h3>EL SIHUALTECO<\/h3>\n<\/li>\n<\/ul>\n<\/td>\n<td>\n<ul>\n<li>\n<h3>SERENATA SI N LUNA<\/h3>\n<\/li>\n<\/ul>\n<\/td>\n<\/tr>\n<tr>\n<td height=\"15\">\n<ul>\n<li>\n<h3>EL SINALOENSE<\/h3>\n<\/li>\n<\/ul>\n<\/td>\n<td>\n<ul>\n<li>\n<h3>SERGIO EL BAILADOR<\/h3>\n<\/li>\n<\/ul>\n<\/td>\n<\/tr>\n<tr>\n<td height=\"15\">\n<ul>\n<li>\n<h3>EL SON DE LA NEGRA<\/h3>\n<\/li>\n<\/ul>\n<\/td>\n<td>\n<ul>\n<li>\n<h3>SI DIOS ME QUITA LA VIDA<\/h3>\n<\/li>\n<\/ul>\n<\/td>\n<\/tr>\n<tr>\n<td height=\"15\">\n<ul>\n<li>\n<h3>EL SON DE LOS AGUACATES<\/h3>\n<\/li>\n<\/ul>\n<\/td>\n<td>\n<ul>\n<li>\n<h3>SI NO TE QUISIERA<\/h3>\n<\/li>\n<\/ul>\n<\/td>\n<\/tr>\n<tr>\n<td height=\"15\">\n<ul>\n<li>\n<h3>EL TAPATIO<\/h3>\n<\/li>\n<\/ul>\n<\/td>\n<td>\n<ul>\n<li>\n<h3>SI NOS DEJAN<\/h3>\n<\/li>\n<\/ul>\n<\/td>\n<\/tr>\n<tr>\n<td height=\"15\">\n<ul>\n<li>\n<h3>EL TIRADOR<\/h3>\n<\/li>\n<\/ul>\n<\/td>\n<td>\n<ul>\n<li>\n<h3>SIEMPRE VIVA<\/h3>\n<\/li>\n<\/ul>\n<\/td>\n<\/tr>\n<tr>\n<td height=\"15\">\n<ul>\n<li>\n<h3>EL ZOPILOTE MOJADO<\/h3>\n<\/li>\n<\/ul>\n<\/td>\n<td>\n<ul>\n<li>\n<h3>SILVERIO<\/h3>\n<\/li>\n<\/ul>\n<\/td>\n<\/tr>\n<tr>\n<td height=\"15\">\n<ul>\n<li>\n<h3>EL TORO VIEJO<\/h3>\n<\/li>\n<\/ul>\n<\/td>\n<td>\n<ul>\n<li>\n<h3>SIMON BLANCO<\/h3>\n<\/li>\n<\/ul>\n<\/td>\n<\/tr>\n<tr>\n<td height=\"15\">\n<ul>\n<li>\n<h3>ELLA<\/h3>\n<\/li>\n<\/ul>\n<\/td>\n<td>\n<ul>\n<li>\n<h3>SIN TI<\/h3>\n<\/li>\n<\/ul>\n<\/td>\n<\/tr>\n<tr>\n<td height=\"15\">\n<ul>\n<li>\n<h3>ELLA VOLVIO<\/h3>\n<\/li>\n<\/ul>\n<\/td>\n<td>\n<ul>\n<li>\n<h3>SOBRE LAS OLAS<\/h3>\n<\/li>\n<\/ul>\n<\/td>\n<\/tr>\n<tr>\n<td height=\"15\">\n<ul>\n<li>\n<h3>EN EL ULTIMO TRAGO<\/h3>\n<\/li>\n<\/ul>\n<\/td>\n<td>\n<ul>\n<li>\n<h3>SOLAMENTE UNA VEZ<\/h3>\n<\/li>\n<\/ul>\n<\/td>\n<\/tr>\n<tr>\n<td height=\"15\">\n<ul>\n<li>\n<h3>EN MI VIEJO SAN JUAN<\/h3>\n<\/li>\n<\/ul>\n<\/td>\n<td>\n<ul>\n<li>\n<h3>SOMBRAS<\/h3>\n<\/li>\n<\/ul>\n<\/td>\n<\/tr>\n<tr>\n<td height=\"15\">\n<ul>\n<li>\n<h3>EN TU DIA<\/h3>\n<\/li>\n<\/ul>\n<\/td>\n<td>\n<ul>\n<li>\n<h3>SOMOS NOVIOS<\/h3>\n<\/li>\n<\/ul>\n<\/td>\n<\/tr>\n<tr>\n<td height=\"15\">\n<ul>\n<li>\n<h3>EN TU PELO<\/h3>\n<\/li>\n<\/ul>\n<\/td>\n<td>\n<ul>\n<li>\n<h3>TAMPICO HERMOSO<\/h3>\n<\/li>\n<\/ul>\n<\/td>\n<\/tr>\n<tr>\n<td height=\"15\">\n<ul>\n<li>\n<h3>ENTREGA TOTAL<\/h3>\n<\/li>\n<\/ul>\n<\/td>\n<td>\n<ul>\n<li>\n<h3>TE QUIERO DIJISTE<\/h3>\n<\/li>\n<\/ul>\n<\/td>\n<\/tr>\n<tr>\n<td height=\"15\">\n<ul>\n<li>\n<h3>ESCLAVO Y AMO<\/h3>\n<\/li>\n<\/ul>\n<\/td>\n<td>\n<ul>\n<li>\n<h3>TE SOLTE LA RIENDA<\/h3>\n<\/li>\n<\/ul>\n<\/td>\n<\/tr>\n<tr>\n<td height=\"15\">\n<ul>\n<li>\n<h3>ESPOSA<\/h3>\n<\/li>\n<\/ul>\n<\/td>\n<td>\n<ul>\n<li>\n<h3>TODA UNA VIDA<\/h3>\n<\/li>\n<\/ul>\n<\/td>\n<\/tr>\n<tr>\n<td height=\"15\">\n<ul>\n<li>\n<h3>ESTA TRISTEZA MIA<\/h3>\n<\/li>\n<\/ul>\n<\/td>\n<td>\n<ul>\n<li>\n<h3>TRES REGALOS<\/h3>\n<\/li>\n<\/ul>\n<\/td>\n<\/tr>\n<tr>\n<td height=\"15\">\n<ul>\n<li>\n<h3>ETERNAMENTE<\/h3>\n<\/li>\n<\/ul>\n<\/td>\n<td>\n<ul>\n<li>\n<h3>TRISTES RECUERDOS<\/h3>\n<\/li>\n<\/ul>\n<\/td>\n<\/tr>\n<tr>\n<td height=\"15\">\n<ul>\n<li>\n<h3>FALLASTE CORAZON<\/h3>\n<\/li>\n<\/ul>\n<\/td>\n<td>\n<ul>\n<li>\n<h3>TU ENAMORADO<\/h3>\n<\/li>\n<\/ul>\n<\/td>\n<\/tr>\n<tr>\n<td height=\"15\">\n<ul>\n<li>\n<h3>FLOR DE AZALEA<\/h3>\n<\/li>\n<\/ul>\n<\/td>\n<td>\n<ul>\n<li>\n<h3>TU INGRATITUD<\/h3>\n<\/li>\n<\/ul>\n<\/td>\n<\/tr>\n<tr>\n<td height=\"15\">\n<ul>\n<li>\n<h3>FLORES NEGRAS<\/h3>\n<\/li>\n<\/ul>\n<\/td>\n<td>\n<ul>\n<li>\n<h3>TU SOLO TU<\/h3>\n<\/li>\n<\/ul>\n<\/td>\n<\/tr>\n<tr>\n<td height=\"15\">\n<ul>\n<li>\n<h3>GABINO BARRERA<\/h3>\n<\/li>\n<\/ul>\n<\/td>\n<td>\n<ul>\n<li>\n<h3>TU VOZ<\/h3>\n<\/li>\n<\/ul>\n<\/td>\n<\/tr>\n<tr>\n<td height=\"15\">\n<ul>\n<li>\n<h3>GEMA<\/h3>\n<\/li>\n<\/ul>\n<\/td>\n<td>\n<ul>\n<li>\n<h3>UN MOTIVO<\/h3>\n<\/li>\n<\/ul>\n<\/td>\n<\/tr>\n<tr>\n<td height=\"15\">\n<ul>\n<li>\n<h3>GUADALAJARA<\/h3>\n<\/li>\n<\/ul>\n<\/td>\n<td>\n<ul>\n<li>\n<h3>UN MUNDO RARO<\/h3>\n<\/li>\n<\/ul>\n<\/td>\n<\/tr>\n<tr>\n<td height=\"15\">\n<ul>\n<li>\n<h3>GUANTANAMERA<\/h3>\n<\/li>\n<\/ul>\n<\/td>\n<td>\n<ul>\n<li>\n<h3>UN PU\u00d1O DE TIERRA<\/h3>\n<\/li>\n<\/ul>\n<\/td>\n<\/tr>\n<tr>\n<td height=\"15\">\n<ul>\n<li>\n<h3>HASTA QUE TE CONOCI<\/h3>\n<\/li>\n<\/ul>\n<\/td>\n<td>\n<ul>\n<li>\n<h3>UNA AVENTURA<\/h3>\n<\/li>\n<\/ul>\n<\/td>\n<\/tr>\n<tr>\n<td height=\"15\">\n<ul>\n<li>\n<h3>HAY UNOS OJOS<\/h3>\n<\/li>\n<\/ul>\n<\/td>\n<td>\n<ul>\n<li>\n<h3>URGE<\/h3>\n<\/li>\n<\/ul>\n<\/td>\n<\/tr>\n<tr>\n<td height=\"15\">\n<ul>\n<li>\n<h3>HERMOSO CARI\u00d1O<\/h3>\n<\/li>\n<\/ul>\n<\/td>\n<td>\n<ul>\n<li>\n<h3>USTED<\/h3>\n<\/li>\n<\/ul>\n<\/td>\n<\/tr>\n<tr>\n<td height=\"15\">\n<ul>\n<li>\n<h3>HILOS DE PLATA<\/h3>\n<\/li>\n<\/ul>\n<\/td>\n<td>\n<ul>\n<li>\n<h3>VALENTE QUINTERO<\/h3>\n<\/li>\n<\/ul>\n<\/td>\n<\/tr>\n<tr>\n<td height=\"15\">\n<ul>\n<li>\n<h3>HONOR Y GLORIA<\/h3>\n<\/li>\n<\/ul>\n<\/td>\n<td>\n<ul>\n<li>\n<h3>VALENTIN DE LA SIERRA<\/h3>\n<\/li>\n<\/ul>\n<\/td>\n<\/tr>\n<tr>\n<td height=\"15\">\n<ul>\n<li>\n<h3>HUAPANGO TORERO<\/h3>\n<\/li>\n<\/ul>\n<\/td>\n<td>\n<ul>\n<li>\n<h3>VERACRUZ<\/h3>\n<\/li>\n<\/ul>\n<\/td>\n<\/tr>\n<tr>\n<td height=\"15\">\n<ul>\n<li>\n<h3>JESUSITA EN CHIHUAHUA<\/h3>\n<\/li>\n<\/ul>\n<\/td>\n<td>\n<ul>\n<li>\n<h3>VIVA MEXICO<\/h3>\n<\/li>\n<\/ul>\n<\/td>\n<\/tr>\n<tr>\n<td height=\"15\">\n<ul>\n<li>\n<h3>JUAREZ<\/h3>\n<\/li>\n<\/ul>\n<\/td>\n<td>\n<ul>\n<li>\n<h3>VOLVER, VOLVER<\/h3>\n<\/li>\n<\/ul>\n<\/td>\n<\/tr>\n<tr>\n<td height=\"15\">\n<ul>\n<li>\n<h3>JUAN CHARRASQUEADO<\/h3>\n<\/li>\n<\/ul>\n<\/td>\n<td>\n<ul>\n<li>\n<h3>YO NO FUI<\/h3>\n<\/li>\n<\/ul>\n<\/td>\n<\/tr>\n<tr>\n<td height=\"15\">\n<ul>\n<li>\n<h3>JUAN COLORADO<\/h3>\n<\/li>\n<\/ul>\n<\/td>\n<td>\n<ul>\n<li>\n<h3>YO QUIERO SER<\/h3>\n<\/li>\n<\/ul>\n<\/td>\n<\/tr>\n<tr>\n<td height=\"15\">\n<ul>\n<li>\n<h3>JURAME<\/h3>\n<\/li>\n<\/ul>\n<\/td>\n<td>\n<ul>\n<li>\n<h3>Y MUCHAS, MUCHAS MAS&#8230;<\/h3>\n<h3><\/h3>\n<\/li>\n<\/ul>\n<\/td>\n<\/tr>\n<\/tbody>\n<\/table>\n<\/div>\n<\/div>\n<\/div>\n<\/div>\n<\/div>\n<\/div>\n<\/div>\n<\/div>\n<\/div>\n<\/div>\n","protected":false},"excerpt":{"rendered":"<p>Contamos con un extenso repertorio ideal para cada ocasi\u00f3n. A continuaci\u00f3n le hacemos menci\u00f3n algunas canciones que est\u00e1n dentro de nuestro amplio repertorio: A MI MANERA LA BAMBA A PESAR DE TODO LA BARCA ACA ENTRE NOS LA BIKINA AIRES DEL MAYAB LA CHANCLA ALEJANDRA LA CULEBRA (SON JALISCIENSE) ALBUR DE AMOR LA DIFERENCIA ALLA [&hellip;]<\/p>\n","protected":false},"author":2,"featured_media":0,"parent":0,"menu_order":0,"comment_status":"closed","ping_status":"closed","template":"","meta":{"ngg_post_thumbnail":0,"jetpack_post_was_ever_published":false,"footnotes":""},"class_list":["post-27","page","type-page","status-publish","hentry"],"aioseo_notices":[],"jetpack_sharing_enabled":true,"jetpack_shortlink":"https:\/\/wp.me\/P9kFa9-r","jetpack_likes_enabled":true,"jetpack-related-posts":[],"_links":{"self":[{"href":"https:\/\/mariachius.com\/index.php?rest_route=\/wp\/v2\/pages\/27","targetHints":{"allow":["GET"]}}],"collection":[{"href":"https:\/\/mariachius.com\/index.php?rest_route=\/wp\/v2\/pages"}],"about":[{"href":"https:\/\/mariachius.com\/index.php?rest_route=\/wp\/v2\/types\/page"}],"author":[{"embeddable":true,"href":"https:\/\/mariachius.com\/index.php?rest_route=\/wp\/v2\/users\/2"}],"replies":[{"embeddable":true,"href":"https:\/\/mariachius.com\/index.php?rest_route=%2Fwp%2Fv2%2Fcomments&post=27"}],"version-history":[{"count":6,"href":"https:\/\/mariachius.com\/index.php?rest_route=\/wp\/v2\/pages\/27\/revisions"}],"predecessor-version":[{"id":245,"href":"https:\/\/mariachius.com\/index.php?rest_route=\/wp\/v2\/pages\/27\/revisions\/245"}],"wp:attachment":[{"href":"https:\/\/mariachius.com\/index.php?rest_route=%2Fwp%2Fv2%2Fmedia&parent=27"}],"curies":[{"name":"wp","href":"https:\/\/api.w.org\/{rel}","templated":true}]}}